{"id":412,"date":"2022-02-14T17:22:53","date_gmt":"2022-02-14T17:22:53","guid":{"rendered":"https:\/\/www.taxi-sima.de\/mentions-legales"},"modified":"2024-03-27T18:19:46","modified_gmt":"2024-03-27T18:19:46","slug":"mentions-legales","status":"publish","type":"page","link":"https:\/\/www.taxi-sima.de\/fr\/mentions-legales","title":{"rendered":"Mentions l\u00e9gales"},"content":{"rendered":"<p>[vc_row][vc_column width=\u00a0\u00bb1\/2&Prime;][vc_custom_heading uncode_shortcode_id=\u00a0\u00bb168656&Prime;]Informations selon l&rsquo;art. \u00a75 TMG :[\/vc_custom_heading][vc_column_text text_lead=\u00a0\u00bbyes\u00a0\u00bb uncode_shortcode_id=\u00a0\u00bb214357&Prime;]Taxi Sima<br \/>\nYunus Emre Yavus<br \/>\nRue principale 30<br \/>\n85567 Grafing<\/p>\n<p><strong>Kontakt<\/strong><\/p>\n<p>T\u00e9l\u00e9phone : 0175 55 333 55<br \/>\nCourrier \u00e9lectronique : info@taxi-sima.de[\/vc_column_text][vc_custom_heading uncode_shortcode_id=\u00a0\u00bb303440&Prime;]Entreprise individuelle[\/vc_custom_heading][vc_column_text text_lead=\u00a0\u00bbyes\u00a0\u00bb css_animation=\u00a0\u00bbright-t-left\u00a0\u00bb uncode_shortcode_id=\u00a0\u00bb456879&Prime;]Propri\u00e9taire : Yunus Emre Yavuz[\/vc_column_text][vc_custom_heading uncode_shortcode_id=\u00a0\u00bb993547&Prime;]Num\u00e9ro d&rsquo;identification de la taxe sur le chiffre d&rsquo;affaires conform\u00e9ment au \u00a727 a de la loi sur la taxe sur le chiffre d&rsquo;affaires :[\/vc_custom_heading][vc_column_text text_lead=\u00a0\u00bbyes\u00a0\u00bb uncode_shortcode_id=\u00a0\u00bb125351&Prime;]DE323340034[\/vc_column_text][vc_custom_heading uncode_shortcode_id=\u00a0\u00bb741125&Prime;]R\u00e8glement des litiges en ligne[\/vc_custom_heading][vc_column_text text_lead=\u00a0\u00bbyes\u00a0\u00bb uncode_shortcode_id=\u00a0\u00bb161104&Prime;]La Commission europ\u00e9enne met \u00e0 disposition une plateforme de r\u00e8glement en ligne des litiges (RLL) :<br \/>\nhttp:\/\/ec.europa.eu\/consumers\/odr<br \/>\nVous trouverez notre adresse e-mail en haut dans les mentions l\u00e9gales.<\/p>\n<p>Nous ne sommes pas pr\u00eats ou oblig\u00e9s de participer \u00e0 des proc\u00e9dures de r\u00e8glement des litiges devant un organisme de conciliation des consommateurs.[\/vc_column_text][vc_custom_heading uncode_shortcode_id=\u00a0\u00bb302939&Prime;]Concept et mise en \u0153uvre[\/vc_custom_heading][vc_row_inner limit_content=\u00a0\u00bb\u00a0\u00bb][vc_column_inner width=\u00a0\u00bb1\/4&Prime;][vc_single_image media=\u00a0\u00bb46&Prime; media_width_percent=\u00a0\u00bb100&Prime; media_link=\u00a0\u00bburl:https%3A%2F%2Finnsign.de||target:%20_blank|\u00a0\u00bb uncode_shortcode_id=\u00a0\u00bb240595&Prime;][\/vc_column_inner][vc_column_inner width=\u00a0\u00bb3\/4&Prime;][vc_column_text text_lead=\u00a0\u00bbyes\u00a0\u00bb uncode_shortcode_id=\u00a0\u00bb193412&Prime;]innSIGN agence de publicit\u00e9<br \/>\n4, rue Eichhofen<br \/>\n85617 A\u00dfling<br \/>\nT\u00e9l\u00e9phone : 08092 851875-0<br \/>\nservus@innsign.de<br \/>\nwww.innsign.de[\/vc_column_text][\/vc_column_inner][\/vc_row_inner][vc_custom_heading uncode_shortcode_id=\u00a0\u00bb121577&Prime;]Cr\u00e9dit photo[\/vc_custom_heading][vc_column_text text_lead=\u00a0\u00bbyes\u00a0\u00bb uncode_shortcode_id=\u00a0\u00bb130184&Prime;]Propre<br \/>\nAdobe Stock[\/vc_column_text][\/vc_column][vc_column width=\u00a0\u00bb1\/2&Prime;][vc_custom_heading uncode_shortcode_id=\u00a0\u00bb131233&Prime;]Mention l\u00e9gale[\/vc_custom_heading][vc_column_text text_lead=\u00a0\u00bbyes\u00a0\u00bb uncode_shortcode_id=\u00a0\u00bb174874&Prime;]<strong>Responsabilit\u00e9 du contenu<\/strong><\/p>\n<p>En tant que prestataire de services, nous sommes tenus, conform\u00e9ment au \u00a7 7 al.1 TMG pour ses propres contenus sur ces pages selon les lois g\u00e9n\u00e9rales. Selon les \u00a7\u00a7 8 \u00e0 10 de la loi allemande sur les m\u00e9dias \u00e9lectroniques (TMG), nous ne sommes toutefois pas tenus, en tant que prestataire de services, de surveiller les informations externes transmises ou enregistr\u00e9es ou de rechercher des circonstances indiquant une activit\u00e9 ill\u00e9gale.<\/p>\n<p>Les obligations de supprimer ou de bloquer l&rsquo;utilisation d&rsquo;informations conform\u00e9ment aux lois g\u00e9n\u00e9rales restent inchang\u00e9es. Une responsabilit\u00e9 \u00e0 cet \u00e9gard n&rsquo;est toutefois possible qu&rsquo;\u00e0 partir du moment o\u00f9 une violation concr\u00e8te de la loi est connue. D\u00e8s que nous aurons connaissance de telles violations, nous retirerons imm\u00e9diatement ces contenus.[\/vc_column_text][vc_column_text text_lead=\u00a0\u00bbyes\u00a0\u00bb uncode_shortcode_id=\u00a0\u00bb196032&Prime;]<strong>Responsabilit\u00e9 pour les liens<\/strong><\/p>\n<p>Notre offre contient des liens vers des sites web externes de tiers, sur le contenu desquels nous n&rsquo;avons aucune influence. C&rsquo;est pourquoi nous ne pouvons pas non plus nous porter garants de ces contenus \u00e9trangers. Le fournisseur ou l&rsquo;exploitant des pages li\u00e9es est toujours responsable du contenu de ces pages. Les pages li\u00e9es ont \u00e9t\u00e9 v\u00e9rifi\u00e9es au moment de la cr\u00e9ation du lien afin de s&rsquo;assurer qu&rsquo;elles n&rsquo;enfreignaient pas la loi. Aucun contenu ill\u00e9gal n&rsquo;a \u00e9t\u00e9 identifi\u00e9 au moment de la cr\u00e9ation des liens.<\/p>\n<p>Un contr\u00f4le permanent du contenu des pages li\u00e9es n&rsquo;est toutefois pas exigible sans indices concrets d&rsquo;une violation de la loi. D\u00e8s que nous aurons connaissance de violations de la loi, nous supprimerons imm\u00e9diatement de tels liens.[\/vc_column_text][vc_custom_heading uncode_shortcode_id=\u00a0\u00bb198898&Prime;]Droit d&rsquo;auteur[\/vc_custom_heading][vc_column_text text_lead=\u00a0\u00bbyes\u00a0\u00bb uncode_shortcode_id=\u00a0\u00bb106213&Prime;]Les contenus et \u0153uvres cr\u00e9\u00e9s par les exploitants de ces pages sont soumis au droit d&rsquo;auteur allemand. La reproduction, le traitement, la diffusion et toute forme d&rsquo;exploitation en dehors des limites du droit d&rsquo;auteur requi\u00e8rent l&rsquo;accord \u00e9crit de l&rsquo;auteur ou du cr\u00e9ateur concern\u00e9. Les t\u00e9l\u00e9chargements et les copies de cette page ne sont autoris\u00e9s que pour un usage priv\u00e9 et non commercial.[\/vc_column_text][vc_column_text text_lead=\u00a0\u00bbyes\u00a0\u00bb uncode_shortcode_id=\u00a0\u00bb146198&Prime;]Dans la mesure o\u00f9 les contenus de ce site n&rsquo;ont pas \u00e9t\u00e9 cr\u00e9\u00e9s par l&rsquo;exploitant, les droits d&rsquo;auteur de tiers sont respect\u00e9s. En particulier, les contenus de tiers sont identifi\u00e9s comme tels. Si vous deviez n\u00e9anmoins constater une violation des droits d&rsquo;auteur, nous vous prions de nous en informer. D\u00e8s que nous aurons connaissance d&rsquo;une violation de la loi, nous supprimerons imm\u00e9diatement de tels contenus.[\/vc_column_text][\/vc_column][\/vc_row]<\/p>\n","protected":false},"excerpt":{"rendered":"<p>[vc_row][vc_column width=\u00a0\u00bb1\/2&Prime;][vc_custom_heading uncode_shortcode_id=\u00a0\u00bb168656&Prime;]Informations selon l&rsquo;art. \u00a75 TMG :[\/vc_custom_heading][vc_column_text text_lead=\u00a0\u00bbyes\u00a0\u00bb uncode_shortcode_id=\u00a0\u00bb214357&Prime;]Taxi Sima Yunus Emre Yavus Rue principale 30 85567 Grafing Kontakt [&hellip;]<\/p>\n","protected":false},"author":1,"featured_media":0,"parent":0,"menu_order":0,"comment_status":"closed","ping_status":"closed","template":"","meta":{"footnotes":""},"_links":{"self":[{"href":"https:\/\/www.taxi-sima.de\/fr\/wp-json\/wp\/v2\/pages\/412"}],"collection":[{"href":"https:\/\/www.taxi-sima.de\/fr\/wp-json\/wp\/v2\/pages"}],"about":[{"href":"https:\/\/www.taxi-sima.de\/fr\/wp-json\/wp\/v2\/types\/page"}],"author":[{"embeddable":true,"href":"https:\/\/www.taxi-sima.de\/fr\/wp-json\/wp\/v2\/users\/1"}],"replies":[{"embeddable":true,"href":"https:\/\/www.taxi-sima.de\/fr\/wp-json\/wp\/v2\/comments?post=412"}],"version-history":[{"count":2,"href":"https:\/\/www.taxi-sima.de\/fr\/wp-json\/wp\/v2\/pages\/412\/revisions"}],"predecessor-version":[{"id":414,"href":"https:\/\/www.taxi-sima.de\/fr\/wp-json\/wp\/v2\/pages\/412\/revisions\/414"}],"wp:attachment":[{"href":"https:\/\/www.taxi-sima.de\/fr\/wp-json\/wp\/v2\/media?parent=412"}],"curies":[{"name":"wp","href":"https:\/\/api.w.org\/{rel}","templated":true}]}}