{"id":415,"date":"2022-02-14T17:22:53","date_gmt":"2022-02-14T17:22:53","guid":{"rendered":"https:\/\/www.taxi-sima.de\/kuenye"},"modified":"2024-03-27T18:20:54","modified_gmt":"2024-03-27T18:20:54","slug":"kuenye","status":"publish","type":"page","link":"https:\/\/www.taxi-sima.de\/tr\/kuenye","title":{"rendered":"K\u00fcnye"},"content":{"rendered":"<p>[vc_row][vc_column width=&#8221;1\/2&#8243;][vc_custom_heading uncode_shortcode_id=&#8221;168656&#8243;]Bilgi acc. \u00a75 TMG:[\/vc_custom_heading][vc_column_text text_lead=&#8221;yes&#8221; uncode_shortcode_id=&#8221;214357&#8243;]Taksi Sima<br \/>\nYunus Emre Yavus<br \/>\nHauptstr. 30<br \/>\n85567 Grafing<\/p>\n<p><strong>Kontakt<\/strong><\/p>\n<p>Telefon: 0175 55 333 55<br \/>\nPosta: info@taxi-sima.de[\/vc_column_text][vc_custom_heading uncode_shortcode_id=&#8221;303440&#8243;]\u015eah\u0131s \u015firketi[\/vc_custom_heading][vc_column_text text_lead=&#8221;yes&#8221; css_animation=&#8221;right-t-left&#8221; uncode_shortcode_id=&#8221;456879&#8243;]Sahibi: Yunus Emre Yavuz[\/vc_column_text][vc_custom_heading uncode_shortcode_id=&#8221;993547&#8243;]\u00a727 a sat\u0131\u015f vergisi yasas\u0131na g\u00f6re sat\u0131\u015f vergisi kimlik numaras\u0131:[\/vc_custom_heading][vc_column_text text_lead=&#8221;yes&#8221; uncode_shortcode_id=&#8221;125351&#8243;]DE323340034[\/vc_column_text][vc_custom_heading uncode_shortcode_id=&#8221;741125&#8243;]\u00c7evrimi\u00e7i uyu\u015fmazl\u0131k \u00e7\u00f6z\u00fcm\u00fc[\/vc_custom_heading][vc_column_text text_lead=&#8221;yes&#8221; uncode_shortcode_id=&#8221;161104&#8243;]Avrupa Komisyonu, \u00e7evrimi\u00e7i uyu\u015fmazl\u0131k \u00e7\u00f6z\u00fcm\u00fc (OS) i\u00e7in bir platform sa\u011flamaktad\u0131r:<br \/>\nhttp:\/\/ec.europa.eu\/consumers\/odr<br \/>\nE-posta adresimizi yukar\u0131daki yasal bildirimde bulabilirsiniz.<\/p>\n<p>Bir t\u00fcketici hakem heyeti nezdindeki uyu\u015fmazl\u0131k \u00e7\u00f6z\u00fcm i\u015flemlerine kat\u0131lmaya istekli veya y\u00fck\u00fcml\u00fc de\u011filiz[\/vc_column_text][vc_custom_heading uncode_shortcode_id=&#8221;302939&#8243;]Konsept ve ger\u00e7ekle\u015ftirme[\/vc_custom_heading][vc_row_inner limit_content=&#8221;&#8221;][vc_column_inner width=&#8221;1\/4&#8243;][vc_single_image media=&#8221;46&#8243; media_width_percent=&#8221;100&#8243; media_link=&#8221;url:https%3A%2F%2Finnsign.de||target:%20_blank|&#8221; uncode_shortcode_id=&#8221;240595&#8243;][\/vc_column_inner][vc_column_inner width=&#8221;3\/4&#8243;][vc_column_text text_lead=&#8221;yes&#8221; uncode_shortcode_id=&#8221;193412&#8243;]innSIGN reklam ajans\u0131<br \/>\nEichhofener Str. 4<br \/>\n85617 A\u00dfling<br \/>\nTelefon: 08092 851875-0<br \/>\nservus@innsign.de<br \/>\nwww.innsign.de[\/vc_column_text][\/vc_column_inner][\/vc_row_inner][vc_custom_heading uncode_shortcode_id=&#8221;121577&#8243;]Resim kredileri[\/vc_custom_heading][vc_column_text text_lead=&#8221;yes&#8221; uncode_shortcode_id=&#8221;130184&#8243;]Kendi<br \/>\nAdobe Stock[\/vc_column_text][\/vc_column][vc_column width=&#8221;1\/2&#8243;][vc_custom_heading uncode_shortcode_id=&#8221;131233&#8243;]Yasal Uyar\u0131[\/vc_custom_heading][vc_column_text text_lead=&#8221;yes&#8221; uncode_shortcode_id=&#8221;174874&#8243;]<strong>\u0130\u00e7erik i\u00e7in sorumluluk<\/strong><\/p>\n<p>Bir hizmet sa\u011flay\u0131c\u0131 olarak, Madde 7 paragraf 1 uyar\u0131nca y\u00fck\u00fcml\u00fcy\u00fcz TMG, genel yasalara g\u00f6re bu sayfalardaki kendi i\u00e7eri\u011finden sorumludur. Bununla birlikte, TMG \u00a7\u00a7 8 ila 10 uyar\u0131nca, bir hizmet sa\u011flay\u0131c\u0131 olarak iletilen veya saklanan \u00fc\u00e7\u00fcnc\u00fc taraf bilgilerini izlemek veya yasa d\u0131\u015f\u0131 faaliyetlere i\u015faret eden durumlar\u0131 ara\u015ft\u0131rmak zorunda de\u011filiz.<\/p>\n<p>Genel mevzuat uyar\u0131nca bilgilerin kald\u0131r\u0131lmas\u0131 veya kullan\u0131m\u0131n\u0131n engellenmesi y\u00fck\u00fcml\u00fcl\u00fckleri bundan etkilenmez. Ancak, bu konudaki sorumluluk sadece belirli bir ihlalin \u00f6\u011frenildi\u011fi andan itibaren m\u00fcmk\u00fcnd\u00fcr. Bu t\u00fcr ihlallerin fark\u0131na var\u0131r varmaz, bu i\u00e7eri\u011fi derhal kald\u0131raca\u011f\u0131z.[\/vc_column_text][vc_column_text text_lead=&#8221;yes&#8221; uncode_shortcode_id=&#8221;196032&#8243;]<strong>Ba\u011flant\u0131lar i\u00e7in sorumluluk<\/strong><\/p>\n<p>Web sitemiz, i\u00e7eri\u011fi \u00fczerinde hi\u00e7bir etkimiz olmayan harici \u00fc\u00e7\u00fcnc\u00fc taraf web sitelerine ba\u011flant\u0131lar i\u00e7erir. Bu nedenle, bu \u00fc\u00e7\u00fcnc\u00fc taraf i\u00e7eri\u011fi i\u00e7in herhangi bir sorumluluk kabul edemeyiz. Ba\u011flant\u0131l\u0131 sayfalar\u0131n i\u00e7eri\u011finden her zaman sayfalar\u0131n ilgili sa\u011flay\u0131c\u0131s\u0131 veya operat\u00f6r\u00fc sorumludur. Ba\u011flant\u0131 verilen sayfalar, ba\u011flant\u0131 verildi\u011fi s\u0131rada olas\u0131 yasal ihlallere kar\u015f\u0131 kontrol edilmi\u015ftir. Yasa d\u0131\u015f\u0131 i\u00e7erikler ba\u011flant\u0131 s\u0131ras\u0131nda fark edilememi\u015ftir.<\/p>\n<p>Bununla birlikte, ba\u011flant\u0131l\u0131 sayfalar\u0131n i\u00e7eri\u011finin s\u00fcrekli olarak izlenmesi, bir ihlale ili\u015fkin somut kan\u0131tlar olmadan makul de\u011fildir. Herhangi bir yasal ihlalden haberdar olursak, bu t\u00fcr ba\u011flant\u0131lar\u0131 derhal kald\u0131raca\u011f\u0131z.[\/vc_column_text][vc_custom_heading uncode_shortcode_id=&#8221;198898&#8243;]Telif Hakk\u0131[\/vc_custom_heading][vc_column_text text_lead=&#8221;yes&#8221; uncode_shortcode_id=&#8221;106213&#8243;]Bu sayfalarda site operat\u00f6rleri taraf\u0131ndan olu\u015fturulan i\u00e7erik ve eserler Alman telif hakk\u0131 yasas\u0131na tabidir. \u00c7o\u011faltma, d\u00fczenleme, da\u011f\u0131t\u0131m ve telif hakk\u0131 yasas\u0131n\u0131n s\u0131n\u0131rlar\u0131 d\u0131\u015f\u0131ndaki her t\u00fcrl\u00fc kullan\u0131m, ilgili yazar\u0131n veya yarat\u0131c\u0131n\u0131n yaz\u0131l\u0131 onay\u0131n\u0131 gerektirir. Bu sitenin indirilmesine ve kopyalanmas\u0131na yaln\u0131zca \u00f6zel, ticari olmayan kullan\u0131m i\u00e7in izin verilir.[\/vc_column_text][vc_column_text text_lead=&#8221;yes&#8221; uncode_shortcode_id=&#8221;146198&#8243;]Bu sitedeki i\u00e7erik operat\u00f6r taraf\u0131ndan olu\u015fturulmad\u0131\u011f\u0131 s\u00fcrece, \u00fc\u00e7\u00fcnc\u00fc taraflar\u0131n telif haklar\u0131na sayg\u0131 duyulur. \u00d6zellikle \u00fc\u00e7\u00fcnc\u00fc taraf i\u00e7eri\u011fi bu \u015fekilde etiketlenir. Yine de bir telif hakk\u0131 ihlalinden haberdar olursan\u0131z, l\u00fctfen bizi uygun \u015fekilde bilgilendirin. Herhangi bir yasal ihlalin fark\u0131na var\u0131rsak, s\u00f6z konusu i\u00e7eri\u011fi derhal kald\u0131raca\u011f\u0131z.[\/vc_column_text][\/vc_column][\/vc_row]<\/p>\n","protected":false},"excerpt":{"rendered":"<p>[vc_row][vc_column width=&#8221;1\/2&#8243;][vc_custom_heading uncode_shortcode_id=&#8221;168656&#8243;]Bilgi acc. \u00a75 TMG:[\/vc_custom_heading][vc_column_text text_lead=&#8221;yes&#8221; uncode_shortcode_id=&#8221;214357&#8243;]Taksi Sima Yunus Emre Yavus Hauptstr. 30 85567 Grafing Kontakt Telefon: 0175 55 [&hellip;]<\/p>\n","protected":false},"author":1,"featured_media":0,"parent":0,"menu_order":0,"comment_status":"closed","ping_status":"closed","template":"","meta":{"footnotes":""},"_links":{"self":[{"href":"https:\/\/www.taxi-sima.de\/tr\/wp-json\/wp\/v2\/pages\/415"}],"collection":[{"href":"https:\/\/www.taxi-sima.de\/tr\/wp-json\/wp\/v2\/pages"}],"about":[{"href":"https:\/\/www.taxi-sima.de\/tr\/wp-json\/wp\/v2\/types\/page"}],"author":[{"embeddable":true,"href":"https:\/\/www.taxi-sima.de\/tr\/wp-json\/wp\/v2\/users\/1"}],"replies":[{"embeddable":true,"href":"https:\/\/www.taxi-sima.de\/tr\/wp-json\/wp\/v2\/comments?post=415"}],"version-history":[{"count":2,"href":"https:\/\/www.taxi-sima.de\/tr\/wp-json\/wp\/v2\/pages\/415\/revisions"}],"predecessor-version":[{"id":417,"href":"https:\/\/www.taxi-sima.de\/tr\/wp-json\/wp\/v2\/pages\/415\/revisions\/417"}],"wp:attachment":[{"href":"https:\/\/www.taxi-sima.de\/tr\/wp-json\/wp\/v2\/media?parent=415"}],"curies":[{"name":"wp","href":"https:\/\/api.w.org\/{rel}","templated":true}]}}